{"id":2,"date":"2025-08-26T19:04:50","date_gmt":"2025-08-26T17:04:50","guid":{"rendered":"https:\/\/seler.ovh\/?page_id=2"},"modified":"2025-08-26T20:32:41","modified_gmt":"2025-08-26T18:32:41","slug":"przykladowa-strona","status":"publish","type":"page","link":"https:\/\/seler.ovh\/","title":{"rendered":"Witam serdecznie!"},"content":{"rendered":"\n<figure class=\"wp-block-image aligncenter size-medium has-custom-border is-style-rounded is-style-rounded--1\"><img loading=\"lazy\" decoding=\"async\" width=\"200\" height=\"300\" src=\"https:\/\/seler.ovh\/wp-content\/uploads\/2025\/08\/portret-200x300.png\" alt=\"\" class=\"wp-image-7\" style=\"border-style:none;border-width:0px;border-radius:42px\" srcset=\"https:\/\/seler.ovh\/wp-content\/uploads\/2025\/08\/portret-200x300.png 200w, https:\/\/seler.ovh\/wp-content\/uploads\/2025\/08\/portret-683x1024.png 683w, https:\/\/seler.ovh\/wp-content\/uploads\/2025\/08\/portret-768x1152.png 768w, https:\/\/seler.ovh\/wp-content\/uploads\/2025\/08\/portret.png 1024w\" sizes=\"auto, (max-width: 200px) 100vw, 200px\" \/><\/figure>\n\n\n\n<p>Nazywam si\u0119 <strong>Zdzis\u0142aw Romper-Stern<\/strong> i pochodz\u0119 ze \u015al\u0105ska, ale biegle komunikuj\u0119 si\u0119 te\u017c w j\u0119zyku polskim. Od ponad 25 lat zajmuj\u0119 si\u0119 profesjonalnym spawaniem. Specjalizuj\u0119 si\u0119 w technikach <strong>MIG\/MAG<\/strong>, <strong>TIG<\/strong>, <strong>MMA<\/strong> oraz <strong>spawaniu plazmowym<\/strong>. Pracuj\u0119 solidnie, precyzyjnie i zawsze zgodnie ze sztuk\u0105 \u2013 niezale\u017cnie od tego, czy chodzi o drobn\u0105 napraw\u0119, czy wymagaj\u0105ce konstrukcje stalowe.<\/p>\n\n\n\n<p>Je\u015bli szukasz fachowca z do\u015bwiadczeniem i podej\u015bciem bez kompromis\u00f3w \u2013 dobrze trafi\u0142e\u015b. Zapraszam do wsp\u00f3\u0142pracy!<\/p>\n","protected":false},"excerpt":{"rendered":"<p>Nazywam si\u0119 Zdzis\u0142aw Romper-Stern i pochodz\u0119 ze \u015al\u0105ska, ale biegle komunikuj\u0119 si\u0119 te\u017c w j\u0119zyku polskim. Od ponad 25 lat zajmuj\u0119 si\u0119 profesjonalnym spawaniem. Specjalizuj\u0119 si\u0119 w technikach MIG\/MAG, TIG, MMA oraz spawaniu plazmowym. Pracuj\u0119 solidnie, precyzyjnie i zawsze zgodnie ze sztuk\u0105 \u2013 niezale\u017cnie od tego, czy chodzi o drobn\u0105 napraw\u0119, czy wymagaj\u0105ce konstrukcje stalowe. [&hellip;]<\/p>\n","protected":false},"author":1,"featured_media":0,"parent":0,"menu_order":0,"comment_status":"closed","ping_status":"open","template":"","meta":{"footnotes":""},"class_list":["post-2","page","type-page","status-publish","hentry"],"_links":{"self":[{"href":"https:\/\/seler.ovh\/index.php?rest_route=\/wp\/v2\/pages\/2","targetHints":{"allow":["GET"]}}],"collection":[{"href":"https:\/\/seler.ovh\/index.php?rest_route=\/wp\/v2\/pages"}],"about":[{"href":"https:\/\/seler.ovh\/index.php?rest_route=\/wp\/v2\/types\/page"}],"author":[{"embeddable":true,"href":"https:\/\/seler.ovh\/index.php?rest_route=\/wp\/v2\/users\/1"}],"replies":[{"embeddable":true,"href":"https:\/\/seler.ovh\/index.php?rest_route=%2Fwp%2Fv2%2Fcomments&post=2"}],"version-history":[{"count":9,"href":"https:\/\/seler.ovh\/index.php?rest_route=\/wp\/v2\/pages\/2\/revisions"}],"predecessor-version":[{"id":33,"href":"https:\/\/seler.ovh\/index.php?rest_route=\/wp\/v2\/pages\/2\/revisions\/33"}],"wp:attachment":[{"href":"https:\/\/seler.ovh\/index.php?rest_route=%2Fwp%2Fv2%2Fmedia&parent=2"}],"curies":[{"name":"wp","href":"https:\/\/api.w.org\/{rel}","templated":true}]}}