{"id":30,"date":"2025-08-26T20:30:52","date_gmt":"2025-08-26T18:30:52","guid":{"rendered":"https:\/\/seler.ovh\/?page_id=30"},"modified":"2025-08-26T20:31:57","modified_gmt":"2025-08-26T18:31:57","slug":"uprawnienia-i-certyfikaty","status":"publish","type":"page","link":"https:\/\/seler.ovh\/?page_id=30","title":{"rendered":"Uprawnienia i certyfikaty"},"content":{"rendered":"\n<p>Za ka\u017cd\u0105 dobrze wykonan\u0105 prac\u0105 stoj\u0105 wiedza, do\u015bwiadczenie i odpowiednie kwalifikacje. Poni\u017cej znajdziesz dyplomy, certyfikaty oraz za\u015bwiadczenia, kt\u00f3re potwierdzaj\u0105 moje przygotowanie zawodowe i ci\u0105g\u0142y rozw\u00f3j w dziedzinie spawalnictwa.<\/p>\n\n\n\n<p>Zaufaj fachowcowi, kt\u00f3ry \u0142\u0105czy praktyk\u0119 z solidnym zapleczem szkoleniowym.<\/p>\n\n\n\n<p>Dyplom uko\u0144czenia szko\u0142y zawodowej:<\/p>\n\n\n\n<figure class=\"wp-block-image size-full\"><img loading=\"lazy\" decoding=\"async\" width=\"1024\" height=\"1536\" src=\"https:\/\/seler.ovh\/wp-content\/uploads\/2025\/08\/dyplom-szkola-zawodowa.png\" alt=\"\" class=\"wp-image-8\" srcset=\"https:\/\/seler.ovh\/wp-content\/uploads\/2025\/08\/dyplom-szkola-zawodowa.png 1024w, https:\/\/seler.ovh\/wp-content\/uploads\/2025\/08\/dyplom-szkola-zawodowa-200x300.png 200w\" sizes=\"auto, (max-width: 1024px) 100vw, 1024px\" \/><\/figure>\n\n\n\n<p>Certyfikat bezpiecze\u0144stwa:<\/p>\n\n\n\n<figure class=\"wp-block-image size-large\"><img loading=\"lazy\" decoding=\"async\" width=\"683\" height=\"1024\" src=\"https:\/\/seler.ovh\/wp-content\/uploads\/2025\/08\/certyfikat-bezpieczenstwa-683x1024.png\" alt=\"\" class=\"wp-image-17\" srcset=\"https:\/\/seler.ovh\/wp-content\/uploads\/2025\/08\/certyfikat-bezpieczenstwa-683x1024.png 683w, https:\/\/seler.ovh\/wp-content\/uploads\/2025\/08\/certyfikat-bezpieczenstwa-200x300.png 200w, https:\/\/seler.ovh\/wp-content\/uploads\/2025\/08\/certyfikat-bezpieczenstwa.png 1024w\" sizes=\"auto, (max-width: 683px) 100vw, 683px\" \/><\/figure>\n\n\n\n<p>Niemiecki dyplom uko\u0144czenia kursu spawania statk\u00f3w:<\/p>\n\n\n\n<figure class=\"wp-block-image size-large\"><img loading=\"lazy\" decoding=\"async\" width=\"683\" height=\"1024\" src=\"https:\/\/seler.ovh\/wp-content\/uploads\/2025\/08\/dyplom-statki-de-683x1024.png\" alt=\"\" class=\"wp-image-18\" srcset=\"https:\/\/seler.ovh\/wp-content\/uploads\/2025\/08\/dyplom-statki-de-683x1024.png 683w, https:\/\/seler.ovh\/wp-content\/uploads\/2025\/08\/dyplom-statki-de-200x300.png 200w, https:\/\/seler.ovh\/wp-content\/uploads\/2025\/08\/dyplom-statki-de.png 1024w\" sizes=\"auto, (max-width: 683px) 100vw, 683px\" \/><\/figure>\n","protected":false},"excerpt":{"rendered":"<p>Za ka\u017cd\u0105 dobrze wykonan\u0105 prac\u0105 stoj\u0105 wiedza, do\u015bwiadczenie i odpowiednie kwalifikacje. Poni\u017cej znajdziesz dyplomy, certyfikaty oraz za\u015bwiadczenia, kt\u00f3re potwierdzaj\u0105 moje przygotowanie zawodowe i ci\u0105g\u0142y rozw\u00f3j w dziedzinie spawalnictwa. Zaufaj fachowcowi, kt\u00f3ry \u0142\u0105czy praktyk\u0119 z solidnym zapleczem szkoleniowym. Dyplom uko\u0144czenia szko\u0142y zawodowej: Certyfikat bezpiecze\u0144stwa: Niemiecki dyplom uko\u0144czenia kursu spawania statk\u00f3w:<\/p>\n","protected":false},"author":1,"featured_media":0,"parent":0,"menu_order":0,"comment_status":"closed","ping_status":"closed","template":"","meta":{"footnotes":""},"class_list":["post-30","page","type-page","status-publish","hentry"],"_links":{"self":[{"href":"https:\/\/seler.ovh\/index.php?rest_route=\/wp\/v2\/pages\/30","targetHints":{"allow":["GET"]}}],"collection":[{"href":"https:\/\/seler.ovh\/index.php?rest_route=\/wp\/v2\/pages"}],"about":[{"href":"https:\/\/seler.ovh\/index.php?rest_route=\/wp\/v2\/types\/page"}],"author":[{"embeddable":true,"href":"https:\/\/seler.ovh\/index.php?rest_route=\/wp\/v2\/users\/1"}],"replies":[{"embeddable":true,"href":"https:\/\/seler.ovh\/index.php?rest_route=%2Fwp%2Fv2%2Fcomments&post=30"}],"version-history":[{"count":2,"href":"https:\/\/seler.ovh\/index.php?rest_route=\/wp\/v2\/pages\/30\/revisions"}],"predecessor-version":[{"id":32,"href":"https:\/\/seler.ovh\/index.php?rest_route=\/wp\/v2\/pages\/30\/revisions\/32"}],"wp:attachment":[{"href":"https:\/\/seler.ovh\/index.php?rest_route=%2Fwp%2Fv2%2Fmedia&parent=30"}],"curies":[{"name":"wp","href":"https:\/\/api.w.org\/{rel}","templated":true}]}}