{"id":42,"date":"2025-08-27T16:27:38","date_gmt":"2025-08-27T14:27:38","guid":{"rendered":"https:\/\/seler.ovh\/?page_id=42"},"modified":"2025-10-17T13:14:08","modified_gmt":"2025-10-17T11:14:08","slug":"kontakt","status":"publish","type":"page","link":"https:\/\/seler.ovh\/?page_id=42","title":{"rendered":"Kontakt"},"content":{"rendered":"\n<p class=\"has-text-align-center\">Je\u015bli zainteresowa\u0142a Ci\u0119 moja osoba i do\u015bwiadczenie &#8211; zach\u0119cam do kontaktu!<\/p>\n\n\n\n<hr class=\"wp-block-separator has-alpha-channel-opacity\"\/>\n\n\n\n<p class=\"has-text-align-center\"><strong>\u260e\ufe0f Telefon:<\/strong> <\/p>\n\n\n\n<div style=\"text-align: center;\">\n&#x37;&#x30;&#x31;&#x2D;&#x33;&#x36;&#x38;&#x2D;&#x34;&#x37;&#x39;\n<\/div>\n\n\n\n<hr class=\"wp-block-separator has-alpha-channel-opacity\"\/>\n\n\n\n<p class=\"has-text-align-center\">\ud83d\udcec <strong>E-mail:<\/strong><\/p>\n\n\n\n<div style=\"text-align: center;\">\n&#x73;&#x65;&#x6C;&#x65;&#x72;&#x72;&#x6F;&#x40;&#x73;&#x65;&#x6C;&#x65;&#x72;&#x2E;&#x6F;&#x76;&#x68;\n<\/div>\n\n\n\n<p><\/p>\n","protected":false},"excerpt":{"rendered":"<p>Je\u015bli zainteresowa\u0142a Ci\u0119 moja osoba i do\u015bwiadczenie &#8211; zach\u0119cam do kontaktu! \u260e\ufe0f Telefon: &#x37;&#x30;&#x31;&#x2D;&#x33;&#x36;&#x38;&#x2D;&#x34;&#x37;&#x39; \ud83d\udcec E-mail: &#x73;&#x65;&#x6C;&#x65;&#x72;&#x72;&#x6F;&#x40;&#x73;&#x65;&#x6C;&#x65;&#x72;&#x2E;&#x6F;&#x76;&#x68;<\/p>\n","protected":false},"author":1,"featured_media":0,"parent":0,"menu_order":0,"comment_status":"closed","ping_status":"closed","template":"","meta":{"footnotes":""},"class_list":["post-42","page","type-page","status-publish","hentry"],"_links":{"self":[{"href":"https:\/\/seler.ovh\/index.php?rest_route=\/wp\/v2\/pages\/42","targetHints":{"allow":["GET"]}}],"collection":[{"href":"https:\/\/seler.ovh\/index.php?rest_route=\/wp\/v2\/pages"}],"about":[{"href":"https:\/\/seler.ovh\/index.php?rest_route=\/wp\/v2\/types\/page"}],"author":[{"embeddable":true,"href":"https:\/\/seler.ovh\/index.php?rest_route=\/wp\/v2\/users\/1"}],"replies":[{"embeddable":true,"href":"https:\/\/seler.ovh\/index.php?rest_route=%2Fwp%2Fv2%2Fcomments&post=42"}],"version-history":[{"count":7,"href":"https:\/\/seler.ovh\/index.php?rest_route=\/wp\/v2\/pages\/42\/revisions"}],"predecessor-version":[{"id":59,"href":"https:\/\/seler.ovh\/index.php?rest_route=\/wp\/v2\/pages\/42\/revisions\/59"}],"wp:attachment":[{"href":"https:\/\/seler.ovh\/index.php?rest_route=%2Fwp%2Fv2%2Fmedia&parent=42"}],"curies":[{"name":"wp","href":"https:\/\/api.w.org\/{rel}","templated":true}]}}